{"id":4376,"date":"2026-01-23T13:20:06","date_gmt":"2026-01-23T12:20:06","guid":{"rendered":"https:\/\/apneahub.com\/?page_id=4376"},"modified":"2026-01-23T13:20:06","modified_gmt":"2026-01-23T12:20:06","slug":"freediving-tura-regisztracio","status":"publish","type":"page","link":"https:\/\/apneahub.com\/en\/freediving-tura-regisztracio\/","title":{"rendered":"Freediving t\u00fara regisztr\u00e1ci\u00f3"},"content":{"rendered":"<p>[et_pb_section fb_built=&#8221;1&#8243; admin_label=&#8221;Contact Form&#8221; _builder_version=&#8221;4.19.5&#8243; background_color=&#8221;#fafafa&#8221; custom_padding=&#8221;120px||200px||false|false&#8221; global_colors_info=&#8221;{}&#8221; theme_builder_area=&#8221;post_content&#8221;][et_pb_row disabled_on=&#8221;off|off|off&#8221; module_id=&#8221;regform&#8221; _builder_version=&#8221;4.20.0&#8243; _module_preset=&#8221;default&#8221; background_color=&#8221;#fafafa&#8221; width=&#8221;100%&#8221; max_width=&#8221;1200px&#8221; custom_margin=&#8221;|auto|39px|auto||&#8221; custom_padding=&#8221;36px|24px|36px|24px|true|true&#8221; border_color_all=&#8221;rgba(205,205,205,0.3)&#8221; box_shadow_style=&#8221;preset1&#8243; box_shadow_blur=&#8221;23px&#8221; box_shadow_color=&#8221;rgba(0,0,0,0.13)&#8221; global_colors_info=&#8221;{}&#8221; theme_builder_area=&#8221;post_content&#8221;][et_pb_column type=&#8221;4_4&#8243; _builder_version=&#8221;4.19.5&#8243; _module_preset=&#8221;default&#8221; custom_padding=&#8221;24px||24px||true|false&#8221; global_colors_info=&#8221;{}&#8221; theme_builder_area=&#8221;post_content&#8221;][et_pb_text _builder_version=&#8221;4.21.0&#8243; _module_preset=&#8221;default&#8221; hover_enabled=&#8221;0&#8243; global_colors_info=&#8221;{}&#8221; theme_builder_area=&#8221;post_content&#8221; sticky_enabled=&#8221;0&#8243;]<\/p>\n\n<div class=\"wpcf7 no-js\" id=\"wpcf7-f4370-o1\" lang=\"en-US\" dir=\"ltr\">\n<div class=\"screen-reader-response\"><p role=\"status\" aria-live=\"polite\" aria-atomic=\"true\"><\/p> <ul><\/ul><\/div>\n<form action=\"\/en\/wp-json\/wp\/v2\/pages\/4376#wpcf7-f4370-o1\" method=\"post\" class=\"wpcf7-form init\" aria-label=\"Contact form\" enctype=\"multipart\/form-data\" novalidate=\"novalidate\" data-status=\"init\" data-trp-original-action=\"\/en\/wp-json\/wp\/v2\/pages\/4376#wpcf7-f4370-o1\">\n<div style=\"display: none;\">\n<input type=\"hidden\" name=\"_wpcf7\" value=\"4370\" \/>\n<input type=\"hidden\" name=\"_wpcf7_version\" value=\"5.7.6\" \/>\n<input type=\"hidden\" name=\"_wpcf7_locale\" value=\"en_US\" \/>\n<input type=\"hidden\" name=\"_wpcf7_unit_tag\" value=\"wpcf7-f4370-o1\" \/>\n<input type=\"hidden\" name=\"_wpcf7_container_post\" value=\"0\" \/>\n<input type=\"hidden\" name=\"_wpcf7_posted_data_hash\" value=\"\" \/>\n<\/div>\n<p><label>Name<br \/>\n<span class=\"wpcf7-form-control-wrap\" data-name=\"your-name\"><input size=\"40\" class=\"wpcf7-form-control wpcf7-text wpcf7-validates-as-required\" autocomplete=\"name\" aria-required=\"true\" aria-invalid=\"false\" value=\"\" type=\"text\" name=\"your-name\" \/><\/span> <\/label>\n<\/p>\n<p><label>E-mail<br \/>\n<span class=\"wpcf7-form-control-wrap\" data-name=\"your-email\"><input size=\"40\" class=\"wpcf7-form-control wpcf7-text wpcf7-email wpcf7-validates-as-required wpcf7-validates-as-email\" autocomplete=\"email\" aria-required=\"true\" aria-invalid=\"false\" value=\"\" type=\"email\" name=\"your-email\" \/><\/span> <\/label>\n<\/p>\n<p><label>Phone<br \/>\n<span class=\"wpcf7-form-control-wrap\" data-name=\"phone\"><input size=\"40\" class=\"wpcf7-form-control wpcf7-text wpcf7-tel wpcf7-validates-as-required wpcf7-validates-as-tel\" aria-required=\"true\" aria-invalid=\"false\" value=\"\" type=\"tel\" name=\"phone\" \/><\/span> <\/label>\n<\/p>\n<p><label>Kor<br \/>\n<span class=\"wpcf7-form-control-wrap\" data-name=\"Age\"><input size=\"40\" class=\"wpcf7-form-control wpcf7-text wpcf7-validates-as-required\" aria-required=\"true\" aria-invalid=\"false\" value=\"\" type=\"text\" name=\"Age\" \/><\/span> <\/label>\n<\/p>\n<p><label>Nem <\/label><br \/>\n<span class=\"wpcf7-form-control-wrap\" data-name=\"Sex\"><span class=\"wpcf7-form-control wpcf7-radio\"><span class=\"wpcf7-list-item first\"><input type=\"radio\" name=\"Sex\" value=\"N\u0151\" checked=\"checked\" \/><span class=\"wpcf7-list-item-label\">N\u0151<\/span><\/span><span class=\"wpcf7-list-item last\"><input type=\"radio\" name=\"Sex\" value=\"F\u00e9rfi\" \/><span class=\"wpcf7-list-item-label\">F\u00e9rfi<\/span><\/span><\/span><\/span>\n<\/p>\n<p><label>Volt kor\u00e1bban b\u00e1rmilyen b\u00fav\u00e1rs\u00e9r\u00fcl\u00e9sed? Ha igen k\u00e9rlek r\u00f6viden \u00edrd le!<br \/>\n<span class=\"wpcf7-form-control-wrap\" data-name=\"Q1\"><input size=\"40\" class=\"wpcf7-form-control wpcf7-text wpcf7-validates-as-required\" aria-required=\"true\" aria-invalid=\"false\" value=\"\" type=\"text\" name=\"Q1\" \/><\/span> <\/label>\n<\/p>\n<p><label> Rendelkezel minimalist \u00fasz\u00e1stud\u00e1ssal? (Minimum 200m folyamatos \u00fasz\u00e1s a felsz\u00ednen) <\/label><br \/>\n<span class=\"wpcf7-form-control-wrap\" data-name=\"Q2\"><span class=\"wpcf7-form-control wpcf7-radio\"><span class=\"wpcf7-list-item first\"><input type=\"radio\" name=\"Q2\" value=\"Igen\" checked=\"checked\" \/><span class=\"wpcf7-list-item-label\">Igen<\/span><\/span><span class=\"wpcf7-list-item last\"><input type=\"radio\" name=\"Q2\" value=\"Nem\" \/><span class=\"wpcf7-list-item-label\">Nem<\/span><\/span><\/span><\/span>\n<\/p>\n<p><label> Van b\u00e1rmilyen b\u00fav\u00e1rk\u00e9pes\u00edt\u00e9sed?<br \/>\n<\/label><br \/>\n<span class=\"wpcf7-form-control-wrap\" data-name=\"Q4\"><span class=\"wpcf7-form-control wpcf7-radio\"><span class=\"wpcf7-list-item first\"><input type=\"radio\" name=\"Q4\" value=\"Igen\" checked=\"checked\" \/><span class=\"wpcf7-list-item-label\">Igen<\/span><\/span><span class=\"wpcf7-list-item last\"><input type=\"radio\" name=\"Q4\" value=\"Nem\" \/><span class=\"wpcf7-list-item-label\">Nem<\/span><\/span><\/span><\/span>\n<\/p>\n<p><label>Melyik t\u00far\u00e1ra szeretn\u00e9l j\u00f6nni?<br \/>\n<span class=\"wpcf7-form-control-wrap\" data-name=\"Q1\"><input size=\"40\" class=\"wpcf7-form-control wpcf7-text wpcf7-validates-as-required\" aria-required=\"true\" aria-invalid=\"false\" value=\"\" type=\"text\" name=\"Q1\" \/><\/span> <\/label>\n<\/p>\n<p><label> Van saj\u00e1t felszerel\u00e9sed?<br \/>\n<\/label><br \/>\n<span class=\"wpcf7-form-control-wrap\" data-name=\"Q4\"><span class=\"wpcf7-form-control wpcf7-radio\"><span class=\"wpcf7-list-item first\"><input type=\"radio\" name=\"Q4\" value=\"Igen\" checked=\"checked\" \/><span class=\"wpcf7-list-item-label\">Igen<\/span><\/span><span class=\"wpcf7-list-item last\"><input type=\"radio\" name=\"Q4\" value=\"Nem\" \/><span class=\"wpcf7-list-item-label\">Nem<\/span><\/span><\/span><\/span>\n<\/p>\n<p><label> Beleegyezel, hogy az esem\u00e9nyen k\u00e9sz\u00fclt vide\u00f3kat \u00e9s fot\u00f3kat marketing c\u00e9lra felhaszn\u00e1ljuk? <\/label><br \/>\n<span class=\"wpcf7-form-control-wrap\" data-name=\"Privacy\"><span class=\"wpcf7-form-control wpcf7-radio\"><span class=\"wpcf7-list-item first\"><input type=\"radio\" name=\"Privacy\" value=\"Igen\" checked=\"checked\" \/><span class=\"wpcf7-list-item-label\">Igen<\/span><\/span><span class=\"wpcf7-list-item last\"><input type=\"radio\" name=\"Privacy\" value=\"Nem\" \/><span class=\"wpcf7-list-item-label\">Nem<\/span><\/span><\/span><\/span>\n<\/p>\n<p><label>Van k\u00e9rd\u00e9sed?<br \/>\n<span class=\"wpcf7-form-control-wrap\" data-name=\"Any_questions\"><input size=\"40\" class=\"wpcf7-form-control wpcf7-text\" aria-invalid=\"false\" value=\"\" type=\"text\" name=\"Any_questions\" \/><\/span> <\/label>\n<\/p>\n<p><label> Elolvastam, meg\u00e9rtettem \u00e9s elfogadom a k\u00f6vetkez\u0151 dokumentumokban l\u00e9v\u0151 szab\u00e1lyokat: Felel\u0151ss\u00e9gv\u00e1llal\u00e1si nyilatkozat, Eg\u00e9szs\u00e9g\u00fcgyi k\u00e9rd\u0151\u00edv, ApneaHub h\u00e1zirend <\/label><br \/>\n<span class=\"wpcf7-form-control-wrap\" data-name=\"Q3\"><span class=\"wpcf7-form-control wpcf7-radio\"><span class=\"wpcf7-list-item first\"><input type=\"radio\" name=\"Q3\" value=\"Igen\" checked=\"checked\" \/><span class=\"wpcf7-list-item-label\">Igen<\/span><\/span><span class=\"wpcf7-list-item last\"><input type=\"radio\" name=\"Q3\" value=\"Nem\" \/><span class=\"wpcf7-list-item-label\">Nem<\/span><\/span><\/span><\/span>\n<\/p>\n<p><label>A jelentkez\u00e9si lap elk\u00fcld\u00e9s\u00e9vel kijelentem, hogy hozz\u00e1j\u00e1rulok ahhoz, hogy a fenti, az \u0171rlapon megadott szem\u00e9lyes adataimat az ApneaHub, mint az esem\u00e9ny szervez\u0151je felhaszn\u00e1lja, \u00e9s azokat feldolgozza. Elolvastam \u00e9s elfogadom az Adatkezel\u00e9si T\u00e1j\u00e9koztat\u00f3ban foglaltakat. Elfogadom tov\u00e1bb\u00e1, hogy a fenti adatokat az ApneaHub az esem\u00e9nnyel kapcsolatos minden egy\u00e9b tev\u00e9kenys\u00e9ge sor\u00e1n felhaszn\u00e1lhatja. A sz\u00f3ban forg\u00f3 hozz\u00e1j\u00e1rul\u00e1st \u00f6nk\u00e9ntesen adom, \u00e9s tudom\u00e1sul veszem, hogy azt b\u00e1rmikor \u00edr\u00e1sban visszavonhatom.<br \/>\n<\/label><br \/>\n<span class=\"wpcf7-form-control-wrap\" data-name=\"accept\"><span class=\"wpcf7-form-control wpcf7-checkbox wpcf7-validates-as-required\"><span class=\"wpcf7-list-item first last\"><input type=\"checkbox\" name=\"accept[]\" value=\"Hozz\u00e1j\u00e1rulok\" \/><span class=\"wpcf7-list-item-label\">Hozz\u00e1j\u00e1rulok<\/span><\/span><\/span><\/span>\n<\/p>\n<p><label> K\u00e9rlek t\u00f6ltsd le az al\u00e1bbi dokumentumokat, \u00e9s al\u00e1\u00edrava k\u00fcldd el a r\u00e9sz\u00fcnkre!<\/label><br \/>\n<label><a href=\"https:\/\/apneahub.com\/wp-content\/uploads\/2023\/03\/AIDA_MEDICAL_HU.pdf\" target=\"_blank\" rel=\"noopener\" style=\"font-weight:700!important;color:#246171!important;\">Eg\u00e9szs\u00e9g\u00fcgyi k\u00e9rd\u0151\u00edv<\/a><\/label><br \/>\n<label><a href=\"https:\/\/apneahub.com\/wp-content\/uploads\/2026\/01\/AIDA-felelossegvallalas.pdf\" target=\"_blank\" rel=\"noopener\" style=\"font-weight:700!important;color:#246171!important;\">Felel\u0151ss\u00e9gv\u00e1llal\u00e1si nyilatkozat<\/a><\/label><br \/>\n<label><a href=\"https:\/\/apneahub.com\/wp-content\/uploads\/2023\/03\/ApneaHub_Hazirend.pdf\" target=\"_blank\" rel=\"noopener\" style=\"font-weight:700!important;color:#246171!important;\">Apneahub szab\u00e1lyzat<\/a><\/label>\n<\/p>\n<p><label>K\u00e9rj\u00fck, tilted gel a k\u00f6vetkez\u0151 al\u00e1\u00edrt dokumentumokat (legk\u00e9s\u0151bb a tanfolyam jelentkez\u00e9si hat\u00e1rid\u0151ig)!<br \/>\n1. Eg\u00e9szs\u00e9g\u00fcgyi k\u00e9rd\u0151\u00edv (< 1 \u00e9v)<br \/>\n2. Freediving k\u00e1rtya (ha van)<br \/>\n3. ApneaHub h\u00e1zirend<br \/>\n4. Felel\u0151ss\u00e9gv\u00e1llal\u00e1si nyilatkozat<br \/>\n(Max. 10MB size)<\/label>\n<\/p>\n<p><label>Add required documents!<br \/>\n<div id=\"mfcf7_zl_multifilecontainer\"><span class=\"mfcf7-zl-multiline-sample\" style=\"display:none\"><p class=\"wpcf7-form-control-wrap Documents\"><input size=\"40\" class=\"wpcf7-form-control wpcf7-multilinefile wpcf7-validates-as-required\" multiple=\"multiple\" value=\"Upload\" aria-required=\"true\" aria-invalid=\"false\" type=\"file\" name=\"Documents[]\" \/> <span class=\"mfcf7-zl-multifile-name\"><\/span><a href=\"javascript:void(0);\" class=\"mfcf7_zl_delete_file\"><span class=\"delete-file\" aria-hidden=\"true\">&#x274C;<\/span><\/a><\/p><\/span><\/div><span class=\"wpcf7-form-control-wrap zl-form-control-wrap Documents\"><input size=\"40\" class=\"wpcf7-form-control wpcf7-multilinefile wpcf7-validates-as-required\" multiple=\"multiple\" value=\"Upload\" aria-required=\"true\" aria-invalid=\"false\" type=\"file\" name=\"Documents[]\" \/> <span class=\"mfcf7-zl-multifile-name\"><\/span><a href=\"javascript:void(0);\" class=\"mfcf7_zl_delete_file\"><span class=\"delete-file\" aria-hidden=\"true\">&#x274C;<\/span><\/a><\/span><p><label><span class=\"wpcf7-form-control-wrap\" data-name=\"Documents-zl-mfcf7-upld-btn\"><input type=\"button\" name=\"Documents-zl-mfcf7-upld-btn\" class=\"button button-primary qbutton\" id=\"mfcf7_zl_add_file\" value=\"Upload\"><\/span><\/label><\/p><\/label>\n<\/p>\n<p><input class=\"wpcf7-form-control has-spinner wpcf7-submit\" type=\"submit\" value=\"Submit\" \/>\n<\/p><div class=\"wpcf7-response-output\" aria-hidden=\"true\"><\/div>\n<input type=\"hidden\" name=\"trp-form-language\" value=\"en\"\/><\/form>\n<\/div>\n\n<p>[\/et_pb_text][\/et_pb_column][\/et_pb_row][\/et_pb_section]<\/p>","protected":false},"excerpt":{"rendered":"<div class=\"wpcf7 no-js\" id=\"wpcf7-f4370-o2\" lang=\"en-US\" dir=\"ltr\">\n<div class=\"screen-reader-response\"><p role=\"status\" aria-live=\"polite\" aria-atomic=\"true\"><\/p> <ul><\/ul><\/div>\n<form action=\"\/en\/wp-json\/wp\/v2\/pages\/4376#wpcf7-f4370-o2\" method=\"post\" class=\"wpcf7-form init\" aria-label=\"Contact form\" enctype=\"multipart\/form-data\" novalidate=\"novalidate\" data-status=\"init\" data-trp-original-action=\"\/en\/wp-json\/wp\/v2\/pages\/4376#wpcf7-f4370-o2\">\n<div style=\"display: none;\">\n<input type=\"hidden\" name=\"_wpcf7\" value=\"4370\" \/>\n<input type=\"hidden\" name=\"_wpcf7_version\" value=\"5.7.6\" \/>\n<input type=\"hidden\" name=\"_wpcf7_locale\" value=\"en_US\" \/>\n<input type=\"hidden\" name=\"_wpcf7_unit_tag\" value=\"wpcf7-f4370-o2\" \/>\n<input type=\"hidden\" name=\"_wpcf7_container_post\" value=\"0\" \/>\n<input type=\"hidden\" name=\"_wpcf7_posted_data_hash\" value=\"\" \/>\n<\/div>\n<p><label>Name<br \/>\n<span class=\"wpcf7-form-control-wrap\" data-name=\"your-name\"><input size=\"40\" class=\"wpcf7-form-control wpcf7-text wpcf7-validates-as-required\" autocomplete=\"name\" aria-required=\"true\" aria-invalid=\"false\" value=\"\" type=\"text\" name=\"your-name\" \/><\/span> <\/label>\n<\/p>\n<p><label>E-mail<br \/>\n<span class=\"wpcf7-form-control-wrap\" data-name=\"your-email\"><input size=\"40\" class=\"wpcf7-form-control wpcf7-text wpcf7-email wpcf7-validates-as-required wpcf7-validates-as-email\" autocomplete=\"email\" aria-required=\"true\" aria-invalid=\"false\" value=\"\" type=\"email\" name=\"your-email\" \/><\/span> <\/label>\n<\/p>\n<p><label>Phone<br \/>\n<span class=\"wpcf7-form-control-wrap\" data-name=\"phone\"><input size=\"40\" class=\"wpcf7-form-control wpcf7-text wpcf7-tel wpcf7-validates-as-required wpcf7-validates-as-tel\" aria-required=\"true\" aria-invalid=\"false\" value=\"\" type=\"tel\" name=\"phone\" \/><\/span> <\/label>\n<\/p>\n<p><label>Kor<br \/>\n<span class=\"wpcf7-form-control-wrap\" data-name=\"Age\"><input size=\"40\" class=\"wpcf7-form-control wpcf7-text wpcf7-validates-as-required\" aria-required=\"true\" aria-invalid=\"false\" value=\"\" type=\"text\" name=\"Age\" \/><\/span> <\/label>\n<\/p>\n<p><label>Nem <\/label><br \/>\n<span class=\"wpcf7-form-control-wrap\" data-name=\"Sex\"><span class=\"wpcf7-form-control wpcf7-radio\"><span class=\"wpcf7-list-item first\"><input type=\"radio\" name=\"Sex\" value=\"N\u0151\" checked=\"checked\" \/><span class=\"wpcf7-list-item-label\">N\u0151<\/span><\/span><span class=\"wpcf7-list-item last\"><input type=\"radio\" name=\"Sex\" value=\"F\u00e9rfi\" \/><span class=\"wpcf7-list-item-label\">F\u00e9rfi<\/span><\/span><\/span><\/span>\n<\/p>\n<p><label>Volt kor\u00e1bban b\u00e1rmilyen b\u00fav\u00e1rs\u00e9r\u00fcl\u00e9sed? Ha igen k\u00e9rlek r\u00f6viden \u00edrd le!<br \/>\n<span class=\"wpcf7-form-control-wrap\" data-name=\"Q1\"><input size=\"40\" class=\"wpcf7-form-control wpcf7-text wpcf7-validates-as-required\" aria-required=\"true\" aria-invalid=\"false\" value=\"\" type=\"text\" name=\"Q1\" \/><\/span> <\/label>\n<\/p>\n<p><label> Rendelkezel minimalist \u00fasz\u00e1stud\u00e1ssal? (Minimum 200m folyamatos \u00fasz\u00e1s a felsz\u00ednen) <\/label><br \/>\n<span class=\"wpcf7-form-control-wrap\" data-name=\"Q2\"><span class=\"wpcf7-form-control wpcf7-radio\"><span class=\"wpcf7-list-item first\"><input type=\"radio\" name=\"Q2\" value=\"Igen\" checked=\"checked\" \/><span class=\"wpcf7-list-item-label\">Igen<\/span><\/span><span class=\"wpcf7-list-item last\"><input type=\"radio\" name=\"Q2\" value=\"Nem\" \/><span class=\"wpcf7-list-item-label\">Nem<\/span><\/span><\/span><\/span>\n<\/p>\n<p><label> Van b\u00e1rmilyen b\u00fav\u00e1rk\u00e9pes\u00edt\u00e9sed?<br \/>\n<\/label><br \/>\n<span class=\"wpcf7-form-control-wrap\" data-name=\"Q4\"><span class=\"wpcf7-form-control wpcf7-radio\"><span class=\"wpcf7-list-item first\"><input type=\"radio\" name=\"Q4\" value=\"Igen\" checked=\"checked\" \/><span class=\"wpcf7-list-item-label\">Igen<\/span><\/span><span class=\"wpcf7-list-item last\"><input type=\"radio\" name=\"Q4\" value=\"Nem\" \/><span class=\"wpcf7-list-item-label\">Nem<\/span><\/span><\/span><\/span>\n<\/p>\n<p><label>Melyik t\u00far\u00e1ra szeretn\u00e9l j\u00f6nni?<br \/>\n<span class=\"wpcf7-form-control-wrap\" data-name=\"Q1\"><input size=\"40\" class=\"wpcf7-form-control wpcf7-text wpcf7-validates-as-required\" aria-required=\"true\" aria-invalid=\"false\" value=\"\" type=\"text\" name=\"Q1\" \/><\/span> <\/label>\n<\/p>\n<p><label> Van saj\u00e1t felszerel\u00e9sed?<br \/>\n<\/label><br \/>\n<span class=\"wpcf7-form-control-wrap\" data-name=\"Q4\"><span class=\"wpcf7-form-control wpcf7-radio\"><span class=\"wpcf7-list-item first\"><input type=\"radio\" name=\"Q4\" value=\"Igen\" checked=\"checked\" \/><span class=\"wpcf7-list-item-label\">Igen<\/span><\/span><span class=\"wpcf7-list-item last\"><input type=\"radio\" name=\"Q4\" value=\"Nem\" \/><span class=\"wpcf7-list-item-label\">Nem<\/span><\/span><\/span><\/span>\n<\/p>\n<p><label> Beleegyezel, hogy az esem\u00e9nyen k\u00e9sz\u00fclt vide\u00f3kat \u00e9s fot\u00f3kat marketing c\u00e9lra felhaszn\u00e1ljuk? <\/label><br \/>\n<span class=\"wpcf7-form-control-wrap\" data-name=\"Privacy\"><span class=\"wpcf7-form-control wpcf7-radio\"><span class=\"wpcf7-list-item first\"><input type=\"radio\" name=\"Privacy\" value=\"Igen\" checked=\"checked\" \/><span class=\"wpcf7-list-item-label\">Igen<\/span><\/span><span class=\"wpcf7-list-item last\"><input type=\"radio\" name=\"Privacy\" value=\"Nem\" \/><span class=\"wpcf7-list-item-label\">Nem<\/span><\/span><\/span><\/span>\n<\/p>\n<p><label>Van k\u00e9rd\u00e9sed?<br \/>\n<span class=\"wpcf7-form-control-wrap\" data-name=\"Any_questions\"><input size=\"40\" class=\"wpcf7-form-control wpcf7-text\" aria-invalid=\"false\" value=\"\" type=\"text\" name=\"Any_questions\" \/><\/span> <\/label>\n<\/p>\n<p><label> Elolvastam, meg\u00e9rtettem \u00e9s elfogadom a k\u00f6vetkez\u0151 dokumentumokban l\u00e9v\u0151 szab\u00e1lyokat: Felel\u0151ss\u00e9gv\u00e1llal\u00e1si nyilatkozat, Eg\u00e9szs\u00e9g\u00fcgyi k\u00e9rd\u0151\u00edv, ApneaHub h\u00e1zirend <\/label><br \/>\n<span class=\"wpcf7-form-control-wrap\" data-name=\"Q3\"><span class=\"wpcf7-form-control wpcf7-radio\"><span class=\"wpcf7-list-item first\"><input type=\"radio\" name=\"Q3\" value=\"Igen\" checked=\"checked\" \/><span class=\"wpcf7-list-item-label\">Igen<\/span><\/span><span class=\"wpcf7-list-item last\"><input type=\"radio\" name=\"Q3\" value=\"Nem\" \/><span class=\"wpcf7-list-item-label\">Nem<\/span><\/span><\/span><\/span>\n<\/p>\n<p><label>A jelentkez\u00e9si lap elk\u00fcld\u00e9s\u00e9vel kijelentem, hogy hozz\u00e1j\u00e1rulok ahhoz, hogy a fenti, az \u0171rlapon megadott szem\u00e9lyes adataimat az ApneaHub, mint az esem\u00e9ny szervez\u0151je felhaszn\u00e1lja, \u00e9s azokat feldolgozza. Elolvastam \u00e9s elfogadom az Adatkezel\u00e9si T\u00e1j\u00e9koztat\u00f3ban foglaltakat. Elfogadom tov\u00e1bb\u00e1, hogy a fenti adatokat az ApneaHub az esem\u00e9nnyel kapcsolatos minden egy\u00e9b tev\u00e9kenys\u00e9ge sor\u00e1n felhaszn\u00e1lhatja. A sz\u00f3ban forg\u00f3 hozz\u00e1j\u00e1rul\u00e1st \u00f6nk\u00e9ntesen adom, \u00e9s tudom\u00e1sul veszem, hogy azt b\u00e1rmikor \u00edr\u00e1sban visszavonhatom.<br \/>\n<\/label><br \/>\n<span class=\"wpcf7-form-control-wrap\" data-name=\"accept\"><span class=\"wpcf7-form-control wpcf7-checkbox wpcf7-validates-as-required\"><span class=\"wpcf7-list-item first last\"><input type=\"checkbox\" name=\"accept[]\" value=\"Hozz\u00e1j\u00e1rulok\" \/><span class=\"wpcf7-list-item-label\">Hozz\u00e1j\u00e1rulok<\/span><\/span><\/span><\/span>\n<\/p>\n<p><label> K\u00e9rlek t\u00f6ltsd le az al\u00e1bbi dokumentumokat, \u00e9s al\u00e1\u00edrava k\u00fcldd el a r\u00e9sz\u00fcnkre!<\/label><br \/>\n<label><a href=\"https:\/\/apneahub.com\/wp-content\/uploads\/2023\/03\/AIDA_MEDICAL_HU.pdf\" target=\"_blank\" rel=\"noopener\" style=\"font-weight:700!important;color:#246171!important;\">Eg\u00e9szs\u00e9g\u00fcgyi k\u00e9rd\u0151\u00edv<\/a><\/label><br \/>\n<label><a href=\"https:\/\/apneahub.com\/wp-content\/uploads\/2026\/01\/AIDA-felelossegvallalas.pdf\" target=\"_blank\" rel=\"noopener\" style=\"font-weight:700!important;color:#246171!important;\">Felel\u0151ss\u00e9gv\u00e1llal\u00e1si nyilatkozat<\/a><\/label><br \/>\n<label><a href=\"https:\/\/apneahub.com\/wp-content\/uploads\/2023\/03\/ApneaHub_Hazirend.pdf\" target=\"_blank\" rel=\"noopener\" style=\"font-weight:700!important;color:#246171!important;\">Apneahub szab\u00e1lyzat<\/a><\/label>\n<\/p>\n<p><label>K\u00e9rj\u00fck, tilted gel a k\u00f6vetkez\u0151 al\u00e1\u00edrt dokumentumokat (legk\u00e9s\u0151bb a tanfolyam jelentkez\u00e9si hat\u00e1rid\u0151ig)!<br \/>\n1. Eg\u00e9szs\u00e9g\u00fcgyi k\u00e9rd\u0151\u00edv (< 1 \u00e9v)<br \/>\n2. Freediving k\u00e1rtya (ha van)<br \/>\n3. ApneaHub h\u00e1zirend<br \/>\n4. Felel\u0151ss\u00e9gv\u00e1llal\u00e1si nyilatkozat<br \/>\n(Max. 10MB size)<\/label>\n<\/p>\n<p><label>Add required documents!<br \/>\n<div id=\"mfcf7_zl_multifilecontainer\"><span class=\"mfcf7-zl-multiline-sample\" style=\"display:none\"><p class=\"wpcf7-form-control-wrap Documents\"><input size=\"40\" class=\"wpcf7-form-control wpcf7-multilinefile wpcf7-validates-as-required\" multiple=\"multiple\" value=\"Upload\" aria-required=\"true\" aria-invalid=\"false\" type=\"file\" name=\"Documents[]\" \/> <span class=\"mfcf7-zl-multifile-name\"><\/span><a href=\"javascript:void(0);\" class=\"mfcf7_zl_delete_file\"><span class=\"delete-file\" aria-hidden=\"true\">&#x274C;<\/span><\/a><\/p><\/span><\/div><span class=\"wpcf7-form-control-wrap zl-form-control-wrap Documents\"><input size=\"40\" class=\"wpcf7-form-control wpcf7-multilinefile wpcf7-validates-as-required\" multiple=\"multiple\" value=\"Upload\" aria-required=\"true\" aria-invalid=\"false\" type=\"file\" name=\"Documents[]\" \/> <span class=\"mfcf7-zl-multifile-name\"><\/span><a href=\"javascript:void(0);\" class=\"mfcf7_zl_delete_file\"><span class=\"delete-file\" aria-hidden=\"true\">&#x274C;<\/span><\/a><\/span><p><label><span class=\"wpcf7-form-control-wrap\" data-name=\"Documents-zl-mfcf7-upld-btn\"><input type=\"button\" name=\"Documents-zl-mfcf7-upld-btn\" class=\"button button-primary qbutton\" id=\"mfcf7_zl_add_file\" value=\"Upload\"><\/span><\/label><\/p><\/label>\n<\/p>\n<p><input class=\"wpcf7-form-control has-spinner wpcf7-submit\" type=\"submit\" value=\"Submit\" \/>\n<\/p><div class=\"wpcf7-response-output\" aria-hidden=\"true\"><\/div>\n<input type=\"hidden\" name=\"trp-form-language\" value=\"en\"\/><\/form>\n<\/div>","protected":false},"author":3,"featured_media":0,"parent":0,"menu_order":0,"comment_status":"closed","ping_status":"closed","template":"","meta":{"_et_pb_use_builder":"on","_et_pb_old_content":"","_et_gb_content_width":"","footnotes":""},"folder":[],"class_list":["post-4376","page","type-page","status-publish","hentry"],"_links":{"self":[{"href":"https:\/\/apneahub.com\/en\/wp-json\/wp\/v2\/pages\/4376","targetHints":{"allow":["GET"]}}],"collection":[{"href":"https:\/\/apneahub.com\/en\/wp-json\/wp\/v2\/pages"}],"about":[{"href":"https:\/\/apneahub.com\/en\/wp-json\/wp\/v2\/types\/page"}],"author":[{"embeddable":true,"href":"https:\/\/apneahub.com\/en\/wp-json\/wp\/v2\/users\/3"}],"replies":[{"embeddable":true,"href":"https:\/\/apneahub.com\/en\/wp-json\/wp\/v2\/comments?post=4376"}],"version-history":[{"count":2,"href":"https:\/\/apneahub.com\/en\/wp-json\/wp\/v2\/pages\/4376\/revisions"}],"predecessor-version":[{"id":4378,"href":"https:\/\/apneahub.com\/en\/wp-json\/wp\/v2\/pages\/4376\/revisions\/4378"}],"wp:attachment":[{"href":"https:\/\/apneahub.com\/en\/wp-json\/wp\/v2\/media?parent=4376"}],"wp:term":[{"taxonomy":"folder","embeddable":true,"href":"https:\/\/apneahub.com\/en\/wp-json\/wp\/v2\/folder?post=4376"}],"curies":[{"name":"wp","href":"https:\/\/api.w.org\/{rel}","templated":true}]}}