{"id":349,"date":"2022-12-20T14:52:29","date_gmt":"2022-12-20T13:52:29","guid":{"rendered":"https:\/\/apneahub.com\/?page_id=349"},"modified":"2026-01-25T17:57:50","modified_gmt":"2026-01-25T16:57:50","slug":"adatkezelesi-tajekoztato","status":"publish","type":"page","link":"https:\/\/apneahub.com\/en\/adatkezelesi-tajekoztato\/","title":{"rendered":"Privacy Policy"},"content":{"rendered":"<p>[et_pb_section fb_built=&#8221;1&#8243; custom_padding_last_edited=&#8221;on|desktop&#8221; disabled_on=&#8221;on|on|off&#8221; _builder_version=&#8221;4.19.5&#8243; _module_preset=&#8221;default&#8221; use_background_color_gradient=&#8221;on&#8221; background_color_gradient_direction=&#8221;60deg&#8221; background_color_gradient_stops=&#8221;#27aac4 0%|#2eddd8 100%&#8221; background_image=&#8221;https:\/\/apneahub.com\/wp-content\/uploads\/2023\/02\/contact_mod.jpg&#8221; background_blend=&#8221;multiply&#8221; custom_padding=&#8221;0px||||false|false&#8221; custom_padding_tablet=&#8221;0px||||false|false&#8221; custom_padding_phone=&#8221;0px||||false|false&#8221; global_colors_info=&#8221;{}&#8221;][et_pb_row column_structure=&#8221;3_4,1_4&#8243; make_equal=&#8221;on&#8221; _builder_version=&#8221;4.19.5&#8243; _module_preset=&#8221;default&#8221; width=&#8221;84%&#8221; width_last_edited=&#8221;off|desktop&#8221; global_colors_info=&#8221;{}&#8221;][et_pb_column type=&#8221;3_4&#8243; _builder_version=&#8221;4.19.5&#8243; _module_preset=&#8221;default&#8221; background_enable_image=&#8221;off&#8221; background_size=&#8221;contain&#8221; background_position=&#8221;center_left&#8221; global_colors_info=&#8221;{}&#8221;][et_pb_image src=&#8221;https:\/\/apneahub.com\/wp-content\/uploads\/2023\/02\/list-1.png&#8221; title_text=&#8221;list&#8221; url=&#8221;@ET-DC@eyJkeW5hbWljIjp0cnVlLCJjb250ZW50IjoiaG9tZV91cmwiLCJzZXR0aW5ncyI6e319@&#8221; _builder_version=&#8221;4.19.5&#8243; _dynamic_attributes=&#8221;url&#8221; _module_preset=&#8221;default&#8221; height=&#8221;36px&#8221; custom_margin=&#8221;12px||||false|false&#8221; global_colors_info=&#8221;{}&#8221;][\/et_pb_image][\/et_pb_column][et_pb_column type=&#8221;1_4&#8243; _builder_version=&#8221;4.19.5&#8243; _module_preset=&#8221;default&#8221; global_colors_info=&#8221;{}&#8221;][et_pb_code _builder_version=&#8221;4.19.5&#8243; _module_preset=&#8221;default&#8221; position_origin_a=&#8221;center_center&#8221; width=&#8221;100%&#8221; custom_margin=&#8221;10px||||false|false&#8221; global_colors_info=&#8221;{}&#8221;]<!-- [et_pb_line_break_holder] --><\/p>\n<div style=\"display:flex!important;align-items:center;justify-content:space-between;margin-bottom:16px;margin-top:16px\"><a href=\"https:\/\/www.facebook.com\/ApneaHub\" style=\"display:flex!important\"> <i class=\"fa-brands fa-facebook-f\" style=\"color:#ffffff;font-size:20px; margin-right:30px;\"><\/i> <\/a><!-- [et_pb_line_break_holder] --><a href=\"https:\/\/www.instagram.com\/apnea_hub\/\" style=\"display:flex!important\"> <i class=\"fa-brands fa-instagram\" style=\"color:#ffffff;font-size:20px; margin-right:30px;\"><\/i><\/a><!-- [et_pb_line_break_holder] --><a href=\"https:\/\/wa.me\/+36306967096\" style=\"display:flex!important;align-items:center!important;\"> <i class=\"fa-brands fa-whatsapp\" style=\"color:#ffffff;font-size:20px; margin-right:12px;\"><\/i>  <pee style=\"color:#ffffff;font-size:14px;font-family: 'fashion_fetish_new',Helvetica, Arial, Lucida, sans-serif;\">+36306967096<\/pee><\/a><\/div>\n<p><!-- [et_pb_line_break_holder] -->[\/et_pb_code][\/et_pb_column][\/et_pb_row][et_pb_row column_structure=&#8221;1_4,3_4&#8243; use_custom_gutter=&#8221;on&#8221; gutter_width=&#8221;1&#8243; make_equal=&#8221;on&#8221; _builder_version=&#8221;4.19.5&#8243; _module_preset=&#8221;default&#8221; width=&#8221;84%&#8221; custom_margin=&#8221;0px||0px||false|false&#8221; custom_padding=&#8221;24px||24px||true|false&#8221; global_colors_info=&#8221;{}&#8221;][et_pb_column type=&#8221;1_4&#8243; _builder_version=&#8221;4.19.5&#8243; _module_preset=&#8221;default&#8221; border_width_right=&#8221;4px&#8221; border_color_right=&#8221;#FFFFFF&#8221; global_colors_info=&#8221;{}&#8221;][et_pb_sidebar _builder_version=&#8221;4.19.5&#8243; _module_preset=&#8221;default&#8221; body_font_size=&#8221;16px&#8221; body_line_height=&#8221;1.6em&#8221; custom_padding=&#8221;24px||24px||true|false&#8221; global_colors_info=&#8221;{}&#8221;][\/et_pb_sidebar][\/et_pb_column][et_pb_column type=&#8221;3_4&#8243; _builder_version=&#8221;4.19.5&#8243; _module_preset=&#8221;default&#8221; global_colors_info=&#8221;{}&#8221;][et_pb_post_title meta=&#8221;off&#8221; featured_image=&#8221;off&#8221; _builder_version=&#8221;4.19.5&#8243; _module_preset=&#8221;default&#8221; title_font=&#8221;fashion_fetish_new|||on|||||&#8221; title_text_align=&#8221;right&#8221; title_text_color=&#8221;#ffffff&#8221; title_font_size=&#8221;48px&#8221; positioning=&#8221;absolute&#8221; position_origin_a=&#8221;center_center&#8221; text_orientation=&#8221;center&#8221; width=&#8221;100%&#8221; title_font_size_tablet=&#8221;&#8221; title_font_size_phone=&#8221;&#8221; title_font_size_last_edited=&#8221;on|desktop&#8221; global_colors_info=&#8221;{}&#8221;][\/et_pb_post_title][\/et_pb_column][\/et_pb_row][\/et_pb_section][et_pb_section fb_built=&#8221;1&#8243; custom_padding_last_edited=&#8221;on|tablet&#8221; disabled_on=&#8221;off|off|on&#8221; _builder_version=&#8221;4.19.5&#8243; _module_preset=&#8221;default&#8221; use_background_color_gradient=&#8221;on&#8221; background_color_gradient_direction=&#8221;60deg&#8221; background_color_gradient_stops=&#8221;#27aac4 0%|#2eddd8 100%&#8221; background_image=&#8221;https:\/\/apneahub.com\/wp-content\/uploads\/2023\/02\/contact_mod.jpg&#8221; background_blend=&#8221;multiply&#8221; custom_margin=&#8221;0px||0px||false|false&#8221; custom_padding=&#8221;0px||||false|false&#8221; custom_padding_tablet=&#8221;0px||0px||false|false&#8221; custom_padding_phone=&#8221;0px||||false|false&#8221; global_colors_info=&#8221;{}&#8221;][et_pb_row make_equal=&#8221;on&#8221; custom_padding_last_edited=&#8221;on|phone&#8221; _builder_version=&#8221;4.19.5&#8243; _module_preset=&#8221;default&#8221; width_tablet=&#8221;100%&#8221; width_phone=&#8221;90%&#8221; width_last_edited=&#8221;on|phone&#8221; custom_margin=&#8221;||||false|false&#8221; custom_padding_tablet=&#8221;|10%||10%|false|true&#8221; custom_padding_phone=&#8221;|5%||5%|false|true&#8221; global_colors_info=&#8221;{}&#8221;][et_pb_column type=&#8221;4_4&#8243; _builder_version=&#8221;4.19.5&#8243; _module_preset=&#8221;default&#8221; positioning=&#8221;none&#8221; global_colors_info=&#8221;{}&#8221;][et_pb_menu active_link_color=&#8221;#FFFFFF&#8221; dropdown_menu_bg_color=&#8221;rgba(1,74,127,0.8)&#8221; dropdown_menu_line_color=&#8221;RGBA(255,255,255,0)&#8221; dropdown_menu_text_color=&#8221;#FFFFFF&#8221; dropdown_menu_active_link_color=&#8221;#FFFFFF&#8221; mobile_menu_bg_color=&#8221;rgba(1,74,127,0.8)&#8221; mobile_menu_text_color=&#8221;#FFFFFF&#8221; logo=&#8221;https:\/\/apneahub.com\/wp-content\/uploads\/2023\/02\/list.png&#8221; logo_url=&#8221;@ET-DC@eyJkeW5hbWljIjp0cnVlLCJjb250ZW50IjoiaG9tZV91cmwiLCJzZXR0aW5ncyI6e319@&#8221; logo_height=&#8221;36px&#8221; cart_icon_color=&#8221;#FFFFFF&#8221; search_icon_color=&#8221;#FFFFFF&#8221; menu_icon_color=&#8221;#FFFFFF&#8221; menu_icon_font_size=&#8221;36px&#8221; _builder_version=&#8221;4.19.5&#8243; _dynamic_attributes=&#8221;logo_url&#8221; _module_preset=&#8221;default&#8221; menu_font=&#8221;fashion_fetish_new|||on|||||&#8221; menu_text_color=&#8221;#FFFFFF&#8221; menu_letter_spacing=&#8221;1px&#8221; background_color=&#8221;RGBA(255,255,255,0)&#8221; global_colors_info=&#8221;{}&#8221;][\/et_pb_menu][et_pb_post_title meta=&#8221;off&#8221; featured_image=&#8221;off&#8221; _builder_version=&#8221;4.19.5&#8243; _module_preset=&#8221;default&#8221; title_font=&#8221;fashion_fetish_new|||on|||||&#8221; title_text_align=&#8221;left&#8221; title_text_color=&#8221;#ffffff&#8221; title_font_size=&#8221;48px&#8221; position_origin_a=&#8221;center_center&#8221; text_orientation=&#8221;center&#8221; width=&#8221;100%&#8221; custom_margin=&#8221;120px||100px||false|false&#8221; custom_padding=&#8221;48px||48px||true|false&#8221; title_font_size_tablet=&#8221;&#8221; title_font_size_phone=&#8221;36px&#8221; title_font_size_last_edited=&#8221;on|desktop&#8221; custom_css_main_element=&#8221;display: inline-block;&#8221; border_width_top=&#8221;3px&#8221; border_color_top=&#8221;#ffffff&#8221; global_colors_info=&#8221;{}&#8221;][\/et_pb_post_title][\/et_pb_column][\/et_pb_row][\/et_pb_section][et_pb_section fb_built=&#8221;1&#8243; _builder_version=&#8221;4.20.0&#8243; _module_preset=&#8221;default&#8221; background_color=&#8221;#fafafa&#8221; global_colors_info=&#8221;{}&#8221;][et_pb_row _builder_version=&#8221;4.20.0&#8243; _module_preset=&#8221;default&#8221; global_colors_info=&#8221;{}&#8221;][et_pb_column type=&#8221;4_4&#8243; _builder_version=&#8221;4.20.0&#8243; _module_preset=&#8221;default&#8221; global_colors_info=&#8221;{}&#8221;][et_pb_text _builder_version=&#8221;4.21.0&#8243; _module_preset=&#8221;default&#8221; header_font=&#8221;|700||on|||||&#8221; header_text_color=&#8221;#246171&#8243; header_font_size=&#8221;24px&#8221; header_letter_spacing=&#8221;2px&#8221; header_line_height=&#8221;1.5em&#8221; hover_enabled=&#8221;0&#8243; global_colors_info=&#8221;{}&#8221; custom_margin=&#8221;0px||||false|false&#8221; sticky_enabled=&#8221;0&#8243;]<\/p>\n<h1>Privacy Policy<\/h1>\n<h2>1. DATA Manager<\/h2>\n<ul>\n<li class=\" translation-block\"><strong>Name:<\/strong> Dr. Bag\u00f3 Marcell<\/li>\n<li class=\" translation-block\"><strong>Address:<\/strong> 2081 Piliscsaba Kinizsi utca 22<\/li>\n<li class=\" translation-block\"><strong>E-mail:<\/strong> apneahub@gmail.com<\/li>\n<li><strong>Phone:<\/strong> 06306967096<\/li>\n<li class=\" translation-block\"><strong>Web:<\/strong> <a href=\"https:\/\/apneahub.com\" target=\"_self\">www.apneahub.com<\/a><\/li>\n<\/ul>\n<h2>2. SCOPE OF DATA PROCESSED AND PURPOSE OF DATA PROCESSING<\/h2>\n<p>During event registration on the website, we request the following data from the data subjects:<\/p>\n<p><strong>Name<\/strong><\/p>\n<ul>\n<li class=\" translation-block\"><strong>Purpose of data processing:<\/strong> To maintain contact and clearly identify the applicant (participant).<\/li>\n<li class=\" translation-block\"><strong>Legal basis:<\/strong> Performance of the contract or the legitimate interest of the Data Controller.<\/li>\n<li class=\" translation-block\"><strong>Retention period:<\/strong> 5 years after the event ends.<\/li>\n<\/ul>\n<p><strong>Email<\/strong><\/p>\n<ul>\n<li class=\" translation-block\"><strong>Purpose of data processing:<\/strong> Maintaining constant contact, sending confirmations, and transmitting detailed information and notices related to the event.<\/li>\n<li class=\" translation-block\"><strong>Legal basis:<\/strong> Performance of the contract.<\/li>\n<li class=\" translation-block\"><strong>Retention period:<\/strong> 5 years after the event ends.<\/li>\n<\/ul>\n<p><strong>Phone<\/strong><\/p>\n<ul>\n<li class=\" translation-block\"><strong>Purpose of data processing:<\/strong> Fast and direct coordination in urgent cases (e.g. change of date, on-site logistics).<\/li>\n<li class=\" translation-block\"><strong>Legal basis:<\/strong> Performance of the contract.<\/li>\n<li class=\" translation-block\"><strong>Retention period:<\/strong> 1 year after the event ends.<\/li>\n<\/ul>\n<p><strong>Address<\/strong><\/p>\n<ul>\n<li class=\" translation-block\"><strong>Purpose of data processing:<\/strong> Issuing a proper invoice for the paid participation fee.<\/li>\n<li class=\" translation-block\"><strong>Legal basis:<\/strong> Fulfillment of a legal obligation (Accounting Act).<\/li>\n<li class=\" translation-block\"><strong>Retention period:<\/strong> 8 years as required by law (retention period for accounting documents).<\/li>\n<\/ul>\n<p><strong>Health declaration (optional or event-dependent)<\/strong><\/p>\n<ul>\n<li class=\" translation-block\"><strong>Purpose of data processing:<\/strong> To check the conditions for safe diving and to inform the instructor about possible health risks.<\/li>\n<li class=\" translation-block\"><strong>Legal basis:<\/strong> The express, voluntary consent of the data subject (considered to be special data).<\/li>\n<li class=\" translation-block\"><strong>Retention period:<\/strong> Until the end of the event, after which it will be deleted.<\/li>\n<\/ul>\n<h2>3. MAKING AND USING IMAGE AND AUDIO RECORDINGS (MARKETING PURPOSES)<\/h2>\n<p>Photos and videos may be taken at the event (camp, course, tour) to document the event and promote the Data Controller's activities (marketing).<\/p>\n<p><strong>During registration, you can use a separate checkbox to indicate whether you consent to the use of the recordings.<\/strong><\/p>\n<ul>\n<li class=\" translation-block\"><strong>Processed data:<\/strong> A recognizable image and voice recording of the data subject.<\/li>\n<li class=\" translation-block\"><strong>Purpose of data processing:<\/strong> The Data Controller's marketing activities, preparation of reference materials, publication on the website (e.g. gallery, blog) and social media platforms (Instagram, Facebook, YouTube).<\/li>\n<li class=\" translation-block\"><strong>Legal basis:<\/strong> Voluntary consent of the data subject (Article 6(1)(a) of the GDPR).<\/li>\n<li class=\" translation-block\"><strong>Retention period:<\/strong> Until consent is withdrawn or as long as the given marketing material is relevant.<\/li>\n<li class=\" translation-block\"><strong>Right of withdrawal:<\/strong> Consent can be withdrawn at any time in writing to the above e-mail address. The withdrawal does not affect the lawfulness of the data processing carried out before the withdrawal (e.g. already printed flyers do not have to be destroyed, but the image will be removed from the online interface).<\/li>\n<\/ul>\n<p><em>If you do not consent to the recording, please inform the instructors\/organizers on site so that they can take this into account.<\/em><\/p>\n<h2>4. DATA TRANSFER<\/h2>\n<p>The Data Controller does not transfer personal data to third parties, except:<\/p>\n<ul>\n<li class=\" translation-block\"><strong>Accounting service provider:<\/strong> To perform accounting and invoicing.<\/li>\n<li class=\" translation-block\"><strong>Accommodation provider\/Local partner:<\/strong> If required for accommodation booking or local permits (e.g. diving permit), we will only transfer the most necessary data.<\/li>\n<li class=\" translation-block\"><strong>Authorities:<\/strong> In case of legal obligation.<\/li>\n<\/ul>\n<h2>5. DATA SECURITY<\/h2>\n<p>The Data Controller takes all necessary technical and organizational measures to protect the personal data provided against unauthorized access, alteration, transmission, disclosure, deletion or destruction.<\/p>\n<h2>6. RIGHTS OF THE DATA SUBJECTS<\/h2>\n<p>The data subject (you) has the right at any time to:<\/p>\n<ul>\n<li class=\" translation-block\"><strong>Request information<\/strong> about the processing of your personal data.<\/li>\n<li class=\" translation-block\">Request <strong>correction<\/strong> of your data if it is inaccurate.<\/li>\n<li class=\" translation-block\">Request <strong>deletion<\/strong> of your data (except for mandatory data processing, e.g. invoicing).<\/li>\n<li class=\" translation-block\">Request <strong>restriction<\/strong> of data processing.<\/li>\n<li>Object to the processing of your personal data.<\/li>\n<li class=\" translation-block\">Exercise your right to <strong>data portability<\/strong>.<\/li>\n<\/ul>\n<h2>7. LEGAL REMEDIES<\/h2>\n<p>You can file a complaint with the National Data Protection and Freedom of Information Authority (NAIH):<\/p>\n<ul>\n<li>Address: 1055 Budapest, Falk Miksa Street 9-11.<\/li>\n<li>Mailing address: 1363 Budapest, P.O. Box 9.<\/li>\n<li class=\" translation-block\">Web: <a href=\"http:\/\/www.naih.hu\/\" target=\"_self\">www.naih.hu<\/a><\/li>\n<li>E-mail: <a href=\"mailto:ugyfelszolgalat@naih.hu\">ugyfelszolgalat@naih.hu<\/a><\/li>\n<\/ul>\n<p>In the event of judicial enforcement, the lawsuit may also be initiated before the court of the person concerned's place of residence or residence.<\/p>\n<p>[\/et_pb_text][\/et_pb_column][\/et_pb_row][\/et_pb_section]<\/p>","protected":false},"excerpt":{"rendered":"<p>Adatkezel\u00e9si t\u00e1j\u00e9koztat\u00f3 1. AZ ADATKEZEL\u0150 ADATAI N\u00e9v: Dr. Bag\u00f3 Marcell Sz\u00e9khely: 2081 Piliscsaba Kinizsi utca 22 E-mail c\u00edm: apneahub@gmail.com Telefonsz\u00e1m: 06306967096 Weboldal: www.apneahub.com 2. A KEZELT ADATOK K\u00d6RE \u00c9S AZ ADATKEZEL\u00c9S C\u00c9LJA A weboldalon t\u00f6rt\u00e9n\u0151 esem\u00e9nyregisztr\u00e1ci\u00f3 sor\u00e1n az al\u00e1bbi adatokat k\u00e9rj\u00fck be az \u00e9rintettekt\u0151l: N\u00e9v Adatkezel\u00e9s c\u00e9lja: A kapcsolattart\u00e1s, a jelentkez\u0151 (r\u00e9sztvev\u0151) egy\u00e9rtelm\u0171 azonos\u00edt\u00e1sa. Jogalap: [&hellip;]<\/p>","protected":false},"author":3,"featured_media":0,"parent":0,"menu_order":0,"comment_status":"closed","ping_status":"closed","template":"","meta":{"_et_pb_use_builder":"on","_et_pb_old_content":"<!-- wp:heading -->\n<h2>Kik vagyunk<\/h2>\n<!-- \/wp:heading -->\n\n<!-- wp:paragraph -->\n<p><strong class=\"privacy-policy-tutorial\">Javasolt sz\u00f6veg: <\/strong>A weboldalunk c\u00edme: https:\/\/apneahub.com.<\/p>\n<!-- \/wp:paragraph -->\n\n<!-- wp:heading -->\n<h2>Hozz\u00e1sz\u00f3l\u00e1sok<\/h2>\n<!-- \/wp:heading -->\n\n<!-- wp:paragraph -->\n<p><strong class=\"privacy-policy-tutorial\">Javasolt sz\u00f6veg: <\/strong>Hozz\u00e1sz\u00f3l\u00e1s bek\u00fcld\u00e9sekor a hozz\u00e1sz\u00f3l\u00e1si \u0171rlapban megadottakon k\u00edv\u00fcl begy\u0171jt\u00e9sre ker\u00fcl a hozz\u00e1sz\u00f3l\u00f3 IP c\u00edme \u00e9s a b\u00f6ng\u00e9sz\u0151azonos\u00edt\u00f3 karakterl\u00e1nc a k\u00e9retlen tartalmak kisz\u0171r\u00e9se c\u00e9lj\u00e1b\u00f3l.<\/p>\n<!-- \/wp:paragraph -->\n\n<!-- wp:paragraph -->\n<p>Egy szem\u00e9lytelen\u00edtett, az e-mail c\u00edmb\u0151l el\u0151\u00e1ll\u00edtott karakterl\u00e1nc (hashnek szok\u00e1s nevezni) ker\u00fcl tov\u00e1bb\u00edt\u00e1sra a Gravatar szolg\u00e1ltat\u00e1s fel\u00e9, ha ez az oldalon haszn\u00e1latban van. A Gravatar szolg\u00e1ltat\u00e1s felt\u00e9telei az al\u00e1bbi c\u00edmen tekinthet\u0151ek meg: https:\/\/automattic.com\/privacy\/. A hozz\u00e1sz\u00f3l\u00e1s elfogad\u00e1sa ut\u00e1n, a hozz\u00e1sz\u00f3l\u00e1sunk tartalma \u00e9s a profil k\u00e9p\u00fcnk is megjelenik nyilv\u00e1nosan.<\/p>\n<!-- \/wp:paragraph -->\n\n<!-- wp:heading -->\n<h2>M\u00e9dia<\/h2>\n<!-- \/wp:heading -->\n\n<!-- wp:paragraph -->\n<p><strong class=\"privacy-policy-tutorial\">Javasolt sz\u00f6veg: <\/strong>Amennyiben regisztr\u00e1lt felhaszn\u00e1l\u00f3 \u00e1ltal ker\u00fcl k\u00e9p felt\u00f6lt\u00e9sre a honlapra, ker\u00fclni kell az az olyan EXIF-eket, amelyekben GPS poz\u00edci\u00f3 adatok is szerepelnek. A honlap l\u00e1togat\u00f3i ezeket let\u00f6lthetik \u00e9s kinyerhetik a helyadatokat a honlapon tal\u00e1lhat\u00f3 k\u00e9pekb\u0151l.<\/p>\n<!-- \/wp:paragraph -->\n\n<!-- wp:heading -->\n<h2>S\u00fctik<\/h2>\n<!-- \/wp:heading -->\n\n<!-- wp:paragraph -->\n<p><strong class=\"privacy-policy-tutorial\">Javasolt sz\u00f6veg: <\/strong>Ha hozz\u00e1sz\u00f3l\u00e1st \u00edrunk a honlapon, a megadott nevet, e-mail \u00e9s honlap c\u00edmet s\u00fctikben elt\u00e1roljuk. A t\u00e1rol\u00e1s a k\u00e9nyelmi c\u00e9lokat szolg\u00e1l az\u00e9rt, \u00edgy a k\u00f6vetkez\u0151 hozz\u00e1sz\u00f3l\u00e1skor ezeket a mez\u0151 adatokat nem kell kit\u00f6lteni. A s\u00fctik lej\u00e1rati ideje egy \u00e9v.<\/p>\n<!-- \/wp:paragraph -->\n\n<!-- wp:paragraph -->\n<p>Ha ell\u00e1togatunk a bejelentkez\u00e9si oldalra, akkor \u00e1tmeneti s\u00fctiket \u00e1ll\u00edtunk be annak \u00e9rdek\u00e9ben, hogy meg\u00e1llap\u00edtsuk, hogy a b\u00f6ng\u00e9sz\u0151 elfogadja-e a s\u00fctiket. Ezek a s\u00fctik nem tartalmaznak szem\u00e9lyes inform\u00e1ci\u00f3t, \u00e9s t\u00f6rl\u0151dnek, ahogy bez\u00e1rjuk a b\u00f6ng\u00e9sz\u0151t.<\/p>\n<!-- \/wp:paragraph -->\n\n<!-- wp:paragraph -->\n<p>A honlapra t\u00f6rt\u00e9n\u0151 bejelentkez\u00e9skor t\u00f6bb s\u00fctit hozunk l\u00e9tre, amely elmenti a bejelentkez\u00e9si inform\u00e1ci\u00f3t \u00e9s a szerkeszt\u0151fel\u00fclet megjelen\u00edt\u00e9si opci\u00f3it. A bejelentkez\u00e9si s\u00fctik k\u00e9t napig \u00e9rv\u00e9nyesek, a szerkeszt\u0151fel\u00fclet megjelen\u00edt\u00e9si opci\u00f3it t\u00e1rol\u00f3 s\u00fcti egy \u00e9vig. Amennyiben az \"Eml\u00e9kezz r\u00e1m\" opci\u00f3t bejel\u00f6lj\u00fck, a bejelentkez\u00e9s k\u00e9t h\u00e9tig folytat\u00f3dik. Kijelentkez\u00e9skor a bejelentkez\u00e9si s\u00fctik elt\u00e1vol\u00edt\u00e1sra ker\u00fclnek.<\/p>\n<!-- \/wp:paragraph -->\n\n<!-- wp:paragraph -->\n<p>Amennyiben bejegyz\u00e9st vagy oldalt szerkeszt\u00fcnk, egy \u00fajabb s\u00fctit t\u00e1rol el a b\u00f6ng\u00e9sz\u0151nk. Ez a s\u00fcti nem tartalmaz szem\u00e9lyes adatot, egyszer\u0171en csak a bejegyz\u00e9s azonos\u00edt\u00f3 sz\u00e1m\u00e1t t\u00e1rolja, amelyet szerkesztett\u00fcnk. Egy nap m\u00falva j\u00e1r le az \u00e9rv\u00e9nyess\u00e9ge.<\/p>\n<!-- \/wp:paragraph -->\n\n<!-- wp:heading -->\n<h2>M\u00e1s honlapokr\u00f3l sz\u00e1rmaz\u00f3 be\u00e1gyazott tartalmak<\/h2>\n<!-- \/wp:heading -->\n\n<!-- wp:paragraph -->\n<p><strong class=\"privacy-policy-tutorial\">Javasolt sz\u00f6veg: <\/strong>A honlapon el\u00e9rhet\u0151 bejegyz\u00e9sek k\u00fcls\u0151 forr\u00e1sb\u00f3l sz\u00e1rmaz\u00f3 be\u00e1gyazott tartalmakat (pl. vide\u00f3k, k\u00e9pek, cikkek stb.) haszn\u00e1lhatnak. A k\u00fcls\u0151 forr\u00e1sb\u00f3l sz\u00e1rmaz\u00f3 be\u00e1gyazott tartalmak pontosan \u00fagy viselkednek, mintha megl\u00e1togattunk volna egy m\u00e1sik honlapot.<\/p>\n<!-- \/wp:paragraph -->\n\n<!-- wp:paragraph -->\n<p>Ezek a webhelyek lehets\u00e9ges, hogy adatot gy\u0171jtenek a l\u00e1togat\u00f3kr\u00f3l, s\u00fctiket vagy harmadik f\u00e9lt\u0151l sz\u00e1rmaz\u00f3 k\u00f6vet\u0151k\u00f3dot haszn\u00e1lnak, figyelik a be\u00e1gyazott tartalommal kapcsolatos felhaszn\u00e1l\u00f3i viselked\u00e9st, ha rendelkez\u00fcnk felhaszn\u00e1l\u00f3i fi\u00f3kkal \u00e9s be vagyunk jelentkezve az oldalra.<\/p>\n<!-- \/wp:paragraph -->\n\n<!-- wp:heading -->\n<h2>Kivel osztjuk meg a felhaszn\u00e1l\u00f3i adatokat<\/h2>\n<!-- \/wp:heading -->\n\n<!-- wp:paragraph -->\n<p><strong class=\"privacy-policy-tutorial\">Javasolt sz\u00f6veg: <\/strong>Ha jelsz\u00f3 vissza\u00e1ll\u00edt\u00e1st k\u00e9r, akkor az IP-c\u00edmet a vissza\u00e1ll\u00edt\u00f3 e-mail tartalmazni fogja.<\/p>\n<!-- \/wp:paragraph -->\n\n<!-- wp:heading -->\n<h2>Mennyi ideig \u0151rizz\u00fck a szem\u00e9lyes adatot<\/h2>\n<!-- \/wp:heading -->\n\n<!-- wp:paragraph -->\n<p><strong class=\"privacy-policy-tutorial\">Javasolt sz\u00f6veg: <\/strong>Ha hozz\u00e1sz\u00f3lunk, a hozz\u00e1sz\u00f3l\u00e1s \u00e9s annak metaadatai nem meghat\u00e1rozhat\u00f3 ideig a rendszerben maradnak. Ennek c\u00e9lja, hogy az \u00f6sszes ezt k\u00f6vet\u0151 b\u00e1rmely hozz\u00e1sz\u00f3l\u00e1s \u00e1ltalunk megismertt\u00e9 \u00e9s j\u00f3v\u00e1hagyott\u00e1 v\u00e1ljon, azaz ne ker\u00fclj\u00f6n fel a moder\u00e1land\u00f3 hozz\u00e1sz\u00f3l\u00e1sok list\u00e1j\u00e1ra.<\/p>\n<!-- \/wp:paragraph -->\n\n<!-- wp:paragraph -->\n<p>A honlapon regisztr\u00e1lt felhaszn\u00e1l\u00f3k (ha vannak ilyenek) szem\u00e9lyes adatai a saj\u00e1t felhaszn\u00e1l\u00f3i profiljukban is t\u00e1rol\u00e1sra ker\u00fclnek. Minden felhaszn\u00e1l\u00f3 megtekintheti, szerkesztheti vagy t\u00f6r\u00f6lheti a szem\u00e9lyes adatait b\u00e1rmikor (kiv\u00e9ve, hogy nem v\u00e1ltoztathatja meg a saj\u00e1t felhaszn\u00e1l\u00f3nev\u00e9t). A honlap rendszergazd\u00e1i ezen inform\u00e1ci\u00f3kat szint\u00e9n megtekinthetik \u00e9s szerkeszthetik.<\/p>\n<!-- \/wp:paragraph -->\n\n<!-- wp:heading -->\n<h2>Milyen jogokkal rendelkezik a felhaszn\u00e1l\u00f3 a saj\u00e1t adatai kapcs\u00e1n<\/h2>\n<!-- \/wp:heading -->\n\n<!-- wp:paragraph -->\n<p><strong class=\"privacy-policy-tutorial\">Javasolt sz\u00f6veg: <\/strong>A weboldalon regisztr\u00e1lt fi\u00f3k vagy hozz\u00e1sz\u00f3l\u00e1s \u00edr\u00e1sa eset\u00e9n k\u00e9rhet\u0151 a szem\u00e9lyes adatok export f\u00e1jlban t\u00f6rt\u00e9n\u0151 megk\u00fcld\u00e9se, amely b\u00e1rmilyen adatot tartalmaz, amit kor\u00e1bban a felhaszn\u00e1l\u00f3 rendelkez\u00e9s\u00fcnkre bocs\u00e1tott. K\u00e9rhet\u0151 tov\u00e1bb\u00e1, hogy b\u00e1rmilyen kor\u00e1bban megadott szem\u00e9lyes adatot t\u00f6r\u00f6lj\u00fck. Ez nem vonatkozik azokra az adatokra, amelyeket adminisztr\u00e1ci\u00f3s, jogi vagy biztons\u00e1gi okokb\u00f3l k\u00f6telez\u0151 meg\u0151rizn\u00fcnk.<\/p>\n<!-- \/wp:paragraph -->\n\n<!-- wp:heading -->\n<h2>Where your data is sent<\/h2>\n<!-- \/wp:heading -->\n\n<!-- wp:paragraph -->\n<p><strong class=\"privacy-policy-tutorial\">Javasolt sz\u00f6veg: <\/strong>A l\u00e1togat\u00f3k \u00e1ltal bek\u00fcld\u00f6tt hozz\u00e1sz\u00f3l\u00e1sokat automatikus spamsz\u0171r\u0151 szolg\u00e1ltat\u00e1s ellen\u0151rizheti.<\/p>\n<!-- \/wp:paragraph -->","_et_gb_content_width":"","footnotes":""},"folder":[],"class_list":["post-349","page","type-page","status-publish","hentry"],"_links":{"self":[{"href":"https:\/\/apneahub.com\/en\/wp-json\/wp\/v2\/pages\/349","targetHints":{"allow":["GET"]}}],"collection":[{"href":"https:\/\/apneahub.com\/en\/wp-json\/wp\/v2\/pages"}],"about":[{"href":"https:\/\/apneahub.com\/en\/wp-json\/wp\/v2\/types\/page"}],"author":[{"embeddable":true,"href":"https:\/\/apneahub.com\/en\/wp-json\/wp\/v2\/users\/3"}],"replies":[{"embeddable":true,"href":"https:\/\/apneahub.com\/en\/wp-json\/wp\/v2\/comments?post=349"}],"version-history":[{"count":2,"href":"https:\/\/apneahub.com\/en\/wp-json\/wp\/v2\/pages\/349\/revisions"}],"predecessor-version":[{"id":4401,"href":"https:\/\/apneahub.com\/en\/wp-json\/wp\/v2\/pages\/349\/revisions\/4401"}],"wp:attachment":[{"href":"https:\/\/apneahub.com\/en\/wp-json\/wp\/v2\/media?parent=349"}],"wp:term":[{"taxonomy":"folder","embeddable":true,"href":"https:\/\/apneahub.com\/en\/wp-json\/wp\/v2\/folder?post=349"}],"curies":[{"name":"wp","href":"https:\/\/api.w.org\/{rel}","templated":true}]}}